{"id":656,"date":"2022-12-02T08:37:10","date_gmt":"2022-12-02T07:37:10","guid":{"rendered":"https:\/\/www.fondationgoelands.org\/?page_id=656"},"modified":"2023-01-18T10:29:03","modified_gmt":"2023-01-18T09:29:03","slug":"espace-jeune-page-de-connexion","status":"publish","type":"page","link":"https:\/\/www.fondationgoelands.org\/index.php\/espace-jeune-page-de-connexion\/","title":{"rendered":"Espace Jeune &#8211; page de connexion"},"content":{"rendered":"<div class=\"wpb-content-wrapper\">[vc_row gap=\u00a0\u00bb20&Prime; full_height=\u00a0\u00bbyes\u00a0\u00bb equal_height=\u00a0\u00bbyes\u00a0\u00bb content_placement=\u00a0\u00bbtop\u00a0\u00bb bg_type=\u00a0\u00bbimage\u00a0\u00bb parallax_style=\u00a0\u00bbvcpb-vz-jquery\u00a0\u00bb bg_image_new=\u00a0\u00bbid^456|url^https:\/\/www.fondationgoelands.org\/wp-content\/uploads\/2022\/11\/footer-mail-photo-1.jpg|caption^null|alt^null|title^footer-mail-photo-1|description^null\u00a0\u00bb bg_image_repeat=\u00a0\u00bbno-repeat\u00a0\u00bb bg_override=\u00a0\u00bbex-full\u00a0\u00bb enable_overlay=\u00a0\u00bbenable_overlay_value\u00a0\u00bb overlay_color=\u00a0\u00bb#f2f2f2&Prime; overlay_pattern=\u00a0\u00bb02.png\u00a0\u00bb overlay_pattern_opacity=\u00a0\u00bb25&Prime; overlay_pattern_size=\u00a0\u00bb3&Prime; css=\u00a0\u00bb.vc_custom_1667472823357{margin-top: 0px !important;margin-right: 0px !important;margin-bottom: 0px !important;margin-left: 0px !important;padding-top: 0px !important;padding-right: 0px !important;padding-bottom: 0px !important;padding-left: 0px !important;}\u00a0\u00bb el_id=\u00a0\u00bbcontact\u00a0\u00bb][vc_column width=\u00a0\u00bb1\/4&Prime; css=\u00a0\u00bb.vc_custom_1667292366479{margin: 0px !important;padding: 0px !important;}\u00a0\u00bb][\/vc_column][vc_column width=\u00a0\u00bb1\/2&Prime; css=\u00a0\u00bb.vc_custom_1667292709218{margin-top: 10% !important;margin-right: 0px !important;margin-bottom: 10% !important;margin-left: 0px !important;padding-top: 20px !important;padding-right: 20px !important;padding-bottom: 8% !important;padding-left: 20px !important;background-color: rgba(255,255,255,0.91) !important;*background-color: rgb(255,255,255) !important;}\u00a0\u00bb][vc_separator color=\u00a0\u00bbcustom\u00a0\u00bb border_width=\u00a0\u00bb6&Prime; el_width=\u00a0\u00bb30&Prime; accent_color=\u00a0\u00bb#050505&Prime; css=\u00a0\u00bb.vc_custom_1667388103926{margin-top: 0px !important;margin-right: 0px !important;margin-bottom: 0px !important;margin-left: 0px !important;border-top-width: 0px !important;border-right-width: 0px !important;border-bottom-width: 0px !important;border-left-width: 0px !important;padding-top: 10px !important;padding-right: 0px !important;padding-bottom: 20px !important;padding-left: 0px !important;}\u00a0\u00bb][vc_column_text css=\u00a0\u00bb.vc_custom_1674034140914{margin-top: 0px !important;margin-right: 0px !important;margin-bottom: 0px !important;margin-left: 0px !important;border-top-width: 0px !important;border-right-width: 0px !important;border-bottom-width: 0px !important;border-left-width: 0px !important;padding-top: 10px !important;padding-right: 0px !important;padding-bottom: 20px !important;padding-left: 20px !important;}\u00a0\u00bb]\n<h2 style=\"text-align: center;\"><span style=\"color: #333399;\"><strong>Espace Jeunes Go\u00e9lands<\/strong><\/span><strong><br \/>\n<\/strong><\/h2>\n<p style=\"text-align: center;\">Cet espace est r\u00e9serv\u00e9 aux Jeunes Go\u00e9lands.<br \/>\nPour acc\u00e9der \u00e0 l&rsquo;espace Jeunes Go\u00e9lands, <strong><a href=\"https:\/\/fondationgoelands.org\/espaceJeunesGoelands\/\" target=\"_blank\" rel=\"noopener\">cliquez ICI<\/a><\/strong>, puis saisissez votre mot de passe.<br \/>\nSi vous ne vous souvenez plus de votre code d&rsquo;acc\u00e8s, contactez la Fondation.<\/p>\n[\/vc_column_text]<style type=\"text\/css\" data-type=\"the7_shortcodes-inline-css\">#default-btn-3a336896720ad85ae168b49adbaa420b.ico-right-side > i {\n  margin-right: 0px;\n  margin-left: 8px;\n}\n#default-btn-3a336896720ad85ae168b49adbaa420b > i {\n  margin-right: 8px;\n}<\/style><div class=\"btn-align-center\"><a href=\"https:\/\/www.fondationgoelands.org\/index.php\/la-fondation-goelands\/\" class=\"default-btn-shortcode dt-btn dt-btn-m link-hover-off \" id=\"default-btn-3a336896720ad85ae168b49adbaa420b\" title=\"La Fondation Go\u00e9lands\"><span>Retour au site Publique<\/span><\/a><\/div>[\/vc_column][vc_column width=\u00a0\u00bb1\/4&Prime; css=\u00a0\u00bb.vc_custom_1667292393704{margin: 0px !important;padding: 0px !important;border: 0px initial !important;}\u00a0\u00bb][\/vc_column][\/vc_row]\n<\/div>","protected":false},"excerpt":{"rendered":"<p>[vc_row gap=\u00a0\u00bb20&Prime; full_height=\u00a0\u00bbyes\u00a0\u00bb equal_height=\u00a0\u00bbyes\u00a0\u00bb content_placement=\u00a0\u00bbtop\u00a0\u00bb bg_type=\u00a0\u00bbimage\u00a0\u00bb parallax_style=\u00a0\u00bbvcpb-vz-jquery\u00a0\u00bb bg_image_new=\u00a0\u00bbid^456|url^https:\/\/www.fondationgoelands.org\/wp-content\/uploads\/2022\/11\/footer-mail-photo-1.jpg|caption^null|alt^null|title^footer-mail-photo-1|description^null\u00a0\u00bb bg_image_repeat=\u00a0\u00bbno-repeat\u00a0\u00bb bg_override=\u00a0\u00bbex-full\u00a0\u00bb enable_overlay=\u00a0\u00bbenable_overlay_value\u00a0\u00bb overlay_color=\u00a0\u00bb#f2f2f2&Prime; overlay_pattern=\u00a0\u00bb02.png\u00a0\u00bb overlay_pattern_opacity=\u00a0\u00bb25&Prime; overlay_pattern_size=\u00a0\u00bb3&Prime; css=\u00a0\u00bb.vc_custom_1667472823357{margin-top: 0px !important;margin-right: 0px !important;margin-bottom: 0px !important;margin-left: 0px !important;padding-top: 0px !important;padding-right: 0px !important;padding-bottom: 0px !important;padding-left: 0px !important;}\u00a0\u00bb el_id=\u00a0\u00bbcontact\u00a0\u00bb][vc_column width=\u00a0\u00bb1\/4&Prime; css=\u00a0\u00bb.vc_custom_1667292366479{margin: 0px !important;padding: 0px !important;}\u00a0\u00bb][\/vc_column][vc_column width=\u00a0\u00bb1\/2&Prime; css=\u00a0\u00bb.vc_custom_1667292709218{margin-top: 10% !important;margin-right: 0px !important;margin-bottom: 10% !important;margin-left: 0px !important;padding-top: 20px !important;padding-right: 20px !important;padding-bottom: 8% !important;padding-left:&hellip;<\/p>\n","protected":false},"author":1,"featured_media":650,"parent":0,"menu_order":0,"comment_status":"closed","ping_status":"closed","template":"template-microsite.php","meta":{"_acf_changed":false,"footnotes":""},"class_list":["post-656","page","type-page","status-publish","has-post-thumbnail","hentry","description-off"],"acf":[],"yoast_head":"<!-- This site is optimized with the Yoast SEO plugin v27.4 - https:\/\/yoast.com\/product\/yoast-seo-wordpress\/ -->\n<title>Espace Jeune - page de connexion -<\/title>\n<meta name=\"description\" content=\"La Fondation Go\u00e9lands accompagne des lyc\u00e9ens\/\u00e9tudiants qui ne b\u00e9n\u00e9ficient pas des appuis n\u00e9cessaires pour r\u00e9ussir leurs \u00e9tudes.\" \/>\n<meta name=\"robots\" content=\"index, follow, max-snippet:-1, max-image-preview:large, max-video-preview:-1\" \/>\n<link rel=\"canonical\" href=\"https:\/\/www.fondationgoelands.org\/index.php\/espace-jeune-page-de-connexion\/\" \/>\n<meta property=\"og:locale\" content=\"fr_FR\" \/>\n<meta property=\"og:type\" content=\"article\" \/>\n<meta property=\"og:title\" content=\"Espace Jeune - page de connexion -\" \/>\n<meta property=\"og:description\" content=\"La Fondation Go\u00e9lands accompagne des lyc\u00e9ens\/\u00e9tudiants qui ne b\u00e9n\u00e9ficient pas des appuis n\u00e9cessaires pour r\u00e9ussir leurs \u00e9tudes.\" \/>\n<meta property=\"og:url\" content=\"https:\/\/www.fondationgoelands.org\/index.php\/espace-jeune-page-de-connexion\/\" \/>\n<meta property=\"og:site_name\" content=\"Fondation GO\u00c9LANDS\" \/>\n<meta property=\"article:modified_time\" content=\"2023-01-18T09:29:03+00:00\" \/>\n<meta property=\"og:image\" content=\"https:\/\/www.fondationgoelands.org\/wp-content\/uploads\/2022\/12\/espace-Jeune-Goelands.jpg\" \/>\n\t<meta property=\"og:image:width\" content=\"1000\" \/>\n\t<meta property=\"og:image:height\" content=\"650\" \/>\n\t<meta property=\"og:image:type\" content=\"image\/jpeg\" \/>\n<meta name=\"twitter:card\" content=\"summary_large_image\" \/>\n<meta name=\"twitter:label1\" content=\"Dur\u00e9e de lecture estim\u00e9e\" \/>\n\t<meta name=\"twitter:data1\" content=\"1 minute\" \/>\n<script type=\"application\/ld+json\" class=\"yoast-schema-graph\">{\"@context\":\"https:\\\/\\\/schema.org\",\"@graph\":[{\"@type\":\"WebPage\",\"@id\":\"https:\\\/\\\/www.fondationgoelands.org\\\/index.php\\\/espace-jeune-page-de-connexion\\\/\",\"url\":\"https:\\\/\\\/www.fondationgoelands.org\\\/index.php\\\/espace-jeune-page-de-connexion\\\/\",\"name\":\"Espace Jeune - page de connexion -\",\"isPartOf\":{\"@id\":\"https:\\\/\\\/www.fondationgoelands.org\\\/#website\"},\"primaryImageOfPage\":{\"@id\":\"https:\\\/\\\/www.fondationgoelands.org\\\/index.php\\\/espace-jeune-page-de-connexion\\\/#primaryimage\"},\"image\":{\"@id\":\"https:\\\/\\\/www.fondationgoelands.org\\\/index.php\\\/espace-jeune-page-de-connexion\\\/#primaryimage\"},\"thumbnailUrl\":\"https:\\\/\\\/www.fondationgoelands.org\\\/wp-content\\\/uploads\\\/2022\\\/12\\\/espace-Jeune-Goelands.jpg\",\"datePublished\":\"2022-12-02T07:37:10+00:00\",\"dateModified\":\"2023-01-18T09:29:03+00:00\",\"description\":\"La Fondation Go\u00e9lands accompagne des lyc\u00e9ens\\\/\u00e9tudiants qui ne b\u00e9n\u00e9ficient pas des appuis n\u00e9cessaires pour r\u00e9ussir leurs \u00e9tudes.\",\"breadcrumb\":{\"@id\":\"https:\\\/\\\/www.fondationgoelands.org\\\/index.php\\\/espace-jeune-page-de-connexion\\\/#breadcrumb\"},\"inLanguage\":\"fr-FR\",\"potentialAction\":[{\"@type\":\"ReadAction\",\"target\":[\"https:\\\/\\\/www.fondationgoelands.org\\\/index.php\\\/espace-jeune-page-de-connexion\\\/\"]}]},{\"@type\":\"ImageObject\",\"inLanguage\":\"fr-FR\",\"@id\":\"https:\\\/\\\/www.fondationgoelands.org\\\/index.php\\\/espace-jeune-page-de-connexion\\\/#primaryimage\",\"url\":\"https:\\\/\\\/www.fondationgoelands.org\\\/wp-content\\\/uploads\\\/2022\\\/12\\\/espace-Jeune-Goelands.jpg\",\"contentUrl\":\"https:\\\/\\\/www.fondationgoelands.org\\\/wp-content\\\/uploads\\\/2022\\\/12\\\/espace-Jeune-Goelands.jpg\",\"width\":1000,\"height\":650},{\"@type\":\"BreadcrumbList\",\"@id\":\"https:\\\/\\\/www.fondationgoelands.org\\\/index.php\\\/espace-jeune-page-de-connexion\\\/#breadcrumb\",\"itemListElement\":[{\"@type\":\"ListItem\",\"position\":1,\"name\":\"Accueil\",\"item\":\"https:\\\/\\\/www.fondationgoelands.org\\\/\"},{\"@type\":\"ListItem\",\"position\":2,\"name\":\"Espace Jeune &#8211; page de connexion\"}]},{\"@type\":\"WebSite\",\"@id\":\"https:\\\/\\\/www.fondationgoelands.org\\\/#website\",\"url\":\"https:\\\/\\\/www.fondationgoelands.org\\\/\",\"name\":\"Fondation GO\u00c9LANDS\",\"description\":\"Imagine, Apprends &amp; Lance-toi\",\"publisher\":{\"@id\":\"https:\\\/\\\/www.fondationgoelands.org\\\/#organization\"},\"alternateName\":\"Fondation GO\u00c9LAND, Imagine, apprends & lance toi\",\"potentialAction\":[{\"@type\":\"SearchAction\",\"target\":{\"@type\":\"EntryPoint\",\"urlTemplate\":\"https:\\\/\\\/www.fondationgoelands.org\\\/?s={search_term_string}\"},\"query-input\":{\"@type\":\"PropertyValueSpecification\",\"valueRequired\":true,\"valueName\":\"search_term_string\"}}],\"inLanguage\":\"fr-FR\"},{\"@type\":\"Organization\",\"@id\":\"https:\\\/\\\/www.fondationgoelands.org\\\/#organization\",\"name\":\"MARC GUYOT\",\"alternateName\":\"Fondateur de la Fondation GO\u00c9LAND.\",\"url\":\"https:\\\/\\\/www.fondationgoelands.org\\\/\",\"logo\":{\"@type\":\"ImageObject\",\"inLanguage\":\"fr-FR\",\"@id\":\"https:\\\/\\\/www.fondationgoelands.org\\\/#\\\/schema\\\/logo\\\/image\\\/\",\"url\":\"https:\\\/\\\/www.fondationgoelands.org\\\/wp-content\\\/uploads\\\/2022\\\/12\\\/FondationGoelands.jpg\",\"contentUrl\":\"https:\\\/\\\/www.fondationgoelands.org\\\/wp-content\\\/uploads\\\/2022\\\/12\\\/FondationGoelands.jpg\",\"width\":1000,\"height\":650,\"caption\":\"MARC GUYOT\"},\"image\":{\"@id\":\"https:\\\/\\\/www.fondationgoelands.org\\\/#\\\/schema\\\/logo\\\/image\\\/\"}}]}<\/script>\n<!-- \/ Yoast SEO plugin. -->","yoast_head_json":{"title":"Espace Jeune - page de connexion -","description":"La Fondation Go\u00e9lands accompagne des lyc\u00e9ens\/\u00e9tudiants qui ne b\u00e9n\u00e9ficient pas des appuis n\u00e9cessaires pour r\u00e9ussir leurs \u00e9tudes.","robots":{"index":"index","follow":"follow","max-snippet":"max-snippet:-1","max-image-preview":"max-image-preview:large","max-video-preview":"max-video-preview:-1"},"canonical":"https:\/\/www.fondationgoelands.org\/index.php\/espace-jeune-page-de-connexion\/","og_locale":"fr_FR","og_type":"article","og_title":"Espace Jeune - page de connexion -","og_description":"La Fondation Go\u00e9lands accompagne des lyc\u00e9ens\/\u00e9tudiants qui ne b\u00e9n\u00e9ficient pas des appuis n\u00e9cessaires pour r\u00e9ussir leurs \u00e9tudes.","og_url":"https:\/\/www.fondationgoelands.org\/index.php\/espace-jeune-page-de-connexion\/","og_site_name":"Fondation GO\u00c9LANDS","article_modified_time":"2023-01-18T09:29:03+00:00","og_image":[{"width":1000,"height":650,"url":"https:\/\/www.fondationgoelands.org\/wp-content\/uploads\/2022\/12\/espace-Jeune-Goelands.jpg","type":"image\/jpeg"}],"twitter_card":"summary_large_image","twitter_misc":{"Dur\u00e9e de lecture estim\u00e9e":"1 minute"},"schema":{"@context":"https:\/\/schema.org","@graph":[{"@type":"WebPage","@id":"https:\/\/www.fondationgoelands.org\/index.php\/espace-jeune-page-de-connexion\/","url":"https:\/\/www.fondationgoelands.org\/index.php\/espace-jeune-page-de-connexion\/","name":"Espace Jeune - page de connexion -","isPartOf":{"@id":"https:\/\/www.fondationgoelands.org\/#website"},"primaryImageOfPage":{"@id":"https:\/\/www.fondationgoelands.org\/index.php\/espace-jeune-page-de-connexion\/#primaryimage"},"image":{"@id":"https:\/\/www.fondationgoelands.org\/index.php\/espace-jeune-page-de-connexion\/#primaryimage"},"thumbnailUrl":"https:\/\/www.fondationgoelands.org\/wp-content\/uploads\/2022\/12\/espace-Jeune-Goelands.jpg","datePublished":"2022-12-02T07:37:10+00:00","dateModified":"2023-01-18T09:29:03+00:00","description":"La Fondation Go\u00e9lands accompagne des lyc\u00e9ens\/\u00e9tudiants qui ne b\u00e9n\u00e9ficient pas des appuis n\u00e9cessaires pour r\u00e9ussir leurs \u00e9tudes.","breadcrumb":{"@id":"https:\/\/www.fondationgoelands.org\/index.php\/espace-jeune-page-de-connexion\/#breadcrumb"},"inLanguage":"fr-FR","potentialAction":[{"@type":"ReadAction","target":["https:\/\/www.fondationgoelands.org\/index.php\/espace-jeune-page-de-connexion\/"]}]},{"@type":"ImageObject","inLanguage":"fr-FR","@id":"https:\/\/www.fondationgoelands.org\/index.php\/espace-jeune-page-de-connexion\/#primaryimage","url":"https:\/\/www.fondationgoelands.org\/wp-content\/uploads\/2022\/12\/espace-Jeune-Goelands.jpg","contentUrl":"https:\/\/www.fondationgoelands.org\/wp-content\/uploads\/2022\/12\/espace-Jeune-Goelands.jpg","width":1000,"height":650},{"@type":"BreadcrumbList","@id":"https:\/\/www.fondationgoelands.org\/index.php\/espace-jeune-page-de-connexion\/#breadcrumb","itemListElement":[{"@type":"ListItem","position":1,"name":"Accueil","item":"https:\/\/www.fondationgoelands.org\/"},{"@type":"ListItem","position":2,"name":"Espace Jeune &#8211; page de connexion"}]},{"@type":"WebSite","@id":"https:\/\/www.fondationgoelands.org\/#website","url":"https:\/\/www.fondationgoelands.org\/","name":"Fondation GO\u00c9LANDS","description":"Imagine, Apprends &amp; Lance-toi","publisher":{"@id":"https:\/\/www.fondationgoelands.org\/#organization"},"alternateName":"Fondation GO\u00c9LAND, Imagine, apprends & lance toi","potentialAction":[{"@type":"SearchAction","target":{"@type":"EntryPoint","urlTemplate":"https:\/\/www.fondationgoelands.org\/?s={search_term_string}"},"query-input":{"@type":"PropertyValueSpecification","valueRequired":true,"valueName":"search_term_string"}}],"inLanguage":"fr-FR"},{"@type":"Organization","@id":"https:\/\/www.fondationgoelands.org\/#organization","name":"MARC GUYOT","alternateName":"Fondateur de la Fondation GO\u00c9LAND.","url":"https:\/\/www.fondationgoelands.org\/","logo":{"@type":"ImageObject","inLanguage":"fr-FR","@id":"https:\/\/www.fondationgoelands.org\/#\/schema\/logo\/image\/","url":"https:\/\/www.fondationgoelands.org\/wp-content\/uploads\/2022\/12\/FondationGoelands.jpg","contentUrl":"https:\/\/www.fondationgoelands.org\/wp-content\/uploads\/2022\/12\/FondationGoelands.jpg","width":1000,"height":650,"caption":"MARC GUYOT"},"image":{"@id":"https:\/\/www.fondationgoelands.org\/#\/schema\/logo\/image\/"}}]}},"_links":{"self":[{"href":"https:\/\/www.fondationgoelands.org\/index.php\/wp-json\/wp\/v2\/pages\/656","targetHints":{"allow":["GET"]}}],"collection":[{"href":"https:\/\/www.fondationgoelands.org\/index.php\/wp-json\/wp\/v2\/pages"}],"about":[{"href":"https:\/\/www.fondationgoelands.org\/index.php\/wp-json\/wp\/v2\/types\/page"}],"author":[{"embeddable":true,"href":"https:\/\/www.fondationgoelands.org\/index.php\/wp-json\/wp\/v2\/users\/1"}],"replies":[{"embeddable":true,"href":"https:\/\/www.fondationgoelands.org\/index.php\/wp-json\/wp\/v2\/comments?post=656"}],"version-history":[{"count":3,"href":"https:\/\/www.fondationgoelands.org\/index.php\/wp-json\/wp\/v2\/pages\/656\/revisions"}],"predecessor-version":[{"id":697,"href":"https:\/\/www.fondationgoelands.org\/index.php\/wp-json\/wp\/v2\/pages\/656\/revisions\/697"}],"wp:featuredmedia":[{"embeddable":true,"href":"https:\/\/www.fondationgoelands.org\/index.php\/wp-json\/wp\/v2\/media\/650"}],"wp:attachment":[{"href":"https:\/\/www.fondationgoelands.org\/index.php\/wp-json\/wp\/v2\/media?parent=656"}],"curies":[{"name":"wp","href":"https:\/\/api.w.org\/{rel}","templated":true}]}}